{"id":2718,"date":"2025-10-24T08:49:42","date_gmt":"2025-10-24T08:49:42","guid":{"rendered":"https:\/\/retori.ee\/?page_id=2718"},"modified":"2026-03-10T06:33:29","modified_gmt":"2026-03-10T06:33:29","slug":"kampaaniatingimused","status":"publish","type":"page","link":"https:\/\/retori.ee\/en\/kampaaniatingimused\/","title":{"rendered":"Kampaaniatingimused"},"content":{"rendered":"<div class=\"wp-block-uagb-container uagb-block-3e51d696 alignfull uagb-is-root-container\"><div class=\"uagb-container-inner-blocks-wrap\">\n<div class=\"wp-block-columns is-layout-flex wp-container-core-columns-is-layout-28f84493 wp-block-columns-is-layout-flex\">\n<div class=\"wp-block-column is-layout-flow wp-block-column-is-layout-flow\" style=\"padding-top:25px;padding-right:25px;padding-bottom:25px;padding-left:25px;flex-basis:100%\">\n<div style=\"height:44px\" aria-hidden=\"true\" class=\"wp-block-spacer\"><\/div>\n\n\n\n<div class=\"wp-block-uagb-container uagb-block-fb13af10\">\n<div class=\"wp-block-uagb-container uagb-block-d3d209a9\">\n<div class=\"wp-block-uagb-advanced-heading uagb-block-ecd0d932\"><h2 class=\"uagb-heading-text\">Retori ja Swedbanki kampaania tingimused<\/h2><\/div>\n\n\n\n<div style=\"height:44px\" aria-hidden=\"true\" class=\"wp-block-spacer\"><\/div>\n\n\n\n<div style=\"height:27px\" aria-hidden=\"true\" class=\"wp-block-spacer\"><\/div>\n\n\n\n<ol style=\"padding-right:0\" class=\"wp-block-list\">\n<li style=\"padding-top:0px;padding-bottom:10px\">Retori Tallinna 1 O\u00dc ja Retori Kallaste 3 O\u00dc (edaspidi \u201eRetori\u201c), Swedbank ASi (edaspidi \u201eSwedbank\u201c), Swedbank P&amp;C Insurance ASi kampaania (edaspidi \u201ekampaania\u201c) toimub perioodil 01.11.2025-30.04.2026.<\/li>\n\n\n\n<li style=\"padding-bottom:10px\">Kampaania raames kehtivad eraklientidele j\u00e4rgmised eripakkumised:<br>a) Retori tasub kliendi eest Swedbank P&amp;C Insurance AS-iga s\u00f5lmitud kodukindlustuse lepingu esimese aasta kindlustusmaksed,<br>b) Swedbank ei v\u00f5ta kliendilt kodulaenu lepingutasu,<br>d) Swedbank tasub kliendi eest eksperthinnangu tasu.<\/li>\n\n\n\n<li style=\"padding-bottom:10px\">Kodukindlustuse ja kodulaenu lepingutasu ning eksperthinnangu eripakkumistest osa saamiseks tuleb kampaania perioodil k\u00fcsida Retori m\u00fc\u00fcgijuhilt hinnapakkumist uuele korterile, mis asub Retori Tallinna mnt 1, Saku ( <a href=\"http:\/\/www.tallinna1.ee\" target=\"_blank\" rel=\"noreferrer noopener\">www.tallinna1.ee<\/a> ) v\u00f5i Kallaste 3 ( <a href=\"http:\/\/www.kallaste3.ee\">www<\/a><a href=\"http:\/\/www.kallaste3.ee\" target=\"_blank\" rel=\"noreferrer noopener\">.<\/a><a href=\"http:\/\/www.kallaste3.ee\">kallaste3.ee<\/a> ) arenduses, ja s\u00f5lmida notariaalne leping (valmis vara puhul asja\u00f5igusleping, ehitamisel vara puhul v\u00f5la\u00f5igusleping) korteri ostuks hiljemalt 31.07.2026.<br>3.1. Kodulaenu lepingutasu eripakkumisest osa saamiseks:<br>a) Peab laenutaotlus olema Swedbankile esitatud perioodil 01.11.2025-30.04.2026 ning laenuleping s\u00f5lmitud hiljemalt 31.07.2026.<br>b) Eripakkumisest osa saamiseks tuleb laenutaotlusele m\u00e4rkida kood \u201eRetori\u201c.<br>3.2. Kodukindlustuse eripakkumisest osa saamiseks:<br>a) tuleb kodukindlustuse kindlustusleping s\u00f5lmida hiljemalt 30.04.2027.<br>b) V\u00f5ttes kodulaenu Swedbankist tuleb kodukindlustuse soodustuse saamiseks m\u00e4rkida laenutaotlusele kood \u201eRetori\u201c.<br>c) Kui kodulaenu ei v\u00f5eta Swedbankist, tuleb kliendil oma soovist kodukindlustuse eripakkumisest osa saada, teavitada kirjalikult Retori m\u00fc\u00fcgijuhti, kes edastab kliendile hinnapakkumises m\u00e4rgitud korteriga seotud digitaalse flaieri, millega klient saab kindlustusandja poole p\u00f6\u00f6rduda siis, kui vara on valmis.<br>3.4. Eksperthinnangu eripakkumisest osa saamiseks:<br>a) Peab laenutaotlus olema Swedbankile esitatud perioodil 01.11.2025-30.04.2026 ning laenuleping s\u00f5lmitud hiljemalt 31.07.2026.<br>b) Eripakkumisest osa saamiseks tuleb laenutaotlusele m\u00e4rkida kood \u201eRetori\u201c.<\/li>\n\n\n\n<li style=\"padding-bottom:15px\">Kindlustustingimustega saab tutvuda veebilehel: <a href=\"https:\/\/www.swedbank.ee\/private\/credit\/loans\/home?language=EST\" target=\"_blank\" rel=\"noreferrer noopener\">Kodukindlustus &#8211; Swedbank<\/a><\/li>\n\n\n\n<li style=\"padding-bottom:15px\">Kindlustuspakkumise saamiseks ja lepingu s\u00f5lmimiseks peab klient p\u00f6\u00f6rduma Swedbanki poole ja olema kantud Swedbank ASi klienditeenindusprogrammi.<\/li>\n\n\n\n<li style=\"padding-bottom:15px\">Kindlustusandja s\u00f5lmib kliendiga vastavalt kliendi vajadustele valitud kindlustussumma ja kindlustuskaitsega kodukindlustuslepingu.<br>a) Esimese \u00fcheaastase kindlustusperioodi l\u00f5ppemisel saab klient kindlustusandjalt uue kindlustuspakkumise, millega saab soovi korral n\u00f5ustuda ja tasuda edaspidi kindlustusmaksed ise.<\/li>\n\n\n\n<li style=\"padding-bottom:15px\">Kodukindlustuse lepingu s\u00f5lmimisel edastab kindlustusandja kliendi isikuandmed (kliendi ees ja perekonnanime, kindlustuspoliisi numbri, arve numbri, osamakse suuruse ja kindlustatud eseme aadressi) Retorile kindlustuslepingu esimese aasta kindlustusmaksete tasumiseks.<\/li>\n\n\n\n<li style=\"padding-bottom:10px\">Kampaanias osaleja peab m\u00f5istma, et:<br>a) Kindlustusandja v\u00f5ib keelduda kliendiga kindlustuslepingu s\u00f5lmimisest ning ei pea avaldama kindlustuslepingu s\u00f5lmimisest keeldumise p\u00f5hjust kui klient v\u00f5i ostetav vara ei vasta Kindlustusandja poolt esitatud tingimustele v\u00f5i kampaania tingimustele.<br>b) Kindlustusandja v\u00f5ib keelduda kliendiga kindlustuslepingu s\u00f5lmimisest kui klient ei esita Kindlustusandjale vajaminevat informatsiooni kindlustuslepingu vormistamiseks.<\/li>\n\n\n\n<li style=\"padding-bottom:10px\">Retori ja Swedbanki erinevaid sooduspakkumisi ei saa omavahel liita.<\/li>\n\n\n\n<li style=\"padding-bottom:10px\">Retoril ja Swedbankil on \u00f5igus kampaania tingimusi muuta, avaldades muudetud kampaania<br>tingimused Retori ja Swedbanki kodulehtedel<br>\u2022 <a href=\"https:\/\/retori.ee\/en\/kodukindlustus-ja-eksperthinnang-kampaania\/\" target=\"_blank\" rel=\"noreferrer noopener\">https:\/\/retori.ee\/kodukindlustus-ja-eksperthinnang-kampaania\/<\/a><br>\u2022 <a href=\"https:\/\/www.swedbank.ee\/private\/credit\/loans\/home?language=EST\" target=\"_blank\" rel=\"noreferrer noopener\">Kodulaenud &#8211; Swedbank<\/a><\/li>\n\n\n\n<li style=\"padding-bottom:10px\">Swedbanki Kliendiandmete t\u00f6\u00f6tlemise p\u00f5him\u00f5tetega saab tutvuda veebilehel <a href=\"https:\/\/www.swedbank.ee\/private\/home\/more\/legislation\" target=\"_blank\" rel=\"noreferrer noopener\">Pangatingimused &#8211; Swedbank<\/a><\/li>\n<\/ol>\n\n\n\n<div style=\"height:44px\" aria-hidden=\"true\" class=\"wp-block-spacer\"><\/div>\n<\/div>\n<\/div>\n<\/div>\n<\/div>\n<\/div><\/div>\n\n\n\n<div class=\"wp-block-uagb-container uagb-block-71fea0c9 alignfull uagb-is-root-container\"><div class=\"uagb-container-inner-blocks-wrap\">\n<div class=\"wp-block-uagb-info-box uagb-block-844f8cf1 uagb-infobox__content-wrap  uagb-infobox-icon-above-title uagb-infobox-image-valign-top\"><div class=\"uagb-ifb-content\"><div class=\"uagb-ifb-title-wrap\"><h2 class=\"uagb-ifb-title\">Do you want a new home with confidence?<\/h2><\/div><div class=\"uagb-ifb-button-wrapper wp-block-button\"><a href=\"\/en\/kontakt\/\" class=\"uagb-infobox-cta-link wp-block-button__link\" target=\"_self\" rel=\"noopener noreferrer\" onclick=\"return true;\"><span class=\"uagb-inline-editing\">Contact us<\/span><\/a><\/div><\/div><\/div>\n<\/div><\/div>\n\n\n\n<p><\/p>","protected":false},"excerpt":{"rendered":"<p>Retori ja Swedbanki kampaania tingimused<\/p>","protected":false},"author":1,"featured_media":0,"parent":0,"menu_order":0,"comment_status":"closed","ping_status":"closed","template":"","meta":{"_uag_custom_page_level_css":"","site-sidebar-layout":"no-sidebar","site-content-layout":"","ast-site-content-layout":"normal-width-container","site-content-style":"default","site-sidebar-style":"default","ast-global-header-display":"","ast-banner-title-visibility":"","ast-main-header-display":"","ast-hfb-above-header-display":"","ast-hfb-below-header-display":"","ast-hfb-mobile-header-display":"","site-post-title":"disabled","ast-breadcrumbs-content":"","ast-featured-img":"","footer-sml-layout":"","ast-disable-related-posts":"","theme-transparent-header-meta":"enabled","adv-header-id-meta":"","stick-header-meta":"","header-above-stick-meta":"","header-main-stick-meta":"","header-below-stick-meta":"","astra-migrate-meta-layouts":"default","ast-page-background-enabled":"default","ast-page-background-meta":{"desktop":{"background-color":"var(--ast-global-color-4)","background-image":"","background-repeat":"repeat","background-position":"center center","background-size":"auto","background-attachment":"scroll","background-type":"","background-media":"","overlay-type":"","overlay-color":"","overlay-opacity":"","overlay-gradient":""},"tablet":{"background-color":"","background-image":"","background-repeat":"repeat","background-position":"center center","background-size":"auto","background-attachment":"scroll","background-type":"","background-media":"","overlay-type":"","overlay-color":"","overlay-opacity":"","overlay-gradient":""},"mobile":{"background-color":"","background-image":"","background-repeat":"repeat","background-position":"center center","background-size":"auto","background-attachment":"scroll","background-type":"","background-media":"","overlay-type":"","overlay-color":"","overlay-opacity":"","overlay-gradient":""}},"ast-content-background-meta":{"desktop":{"background-color":"var(--ast-global-color-5)","background-image":"","background-repeat":"repeat","background-position":"center center","background-size":"auto","background-attachment":"scroll","background-type":"","background-media":"","overlay-type":"","overlay-color":"","overlay-opacity":"","overlay-gradient":""},"tablet":{"background-color":"var(--ast-global-color-5)","background-image":"","background-repeat":"repeat","background-position":"center center","background-size":"auto","background-attachment":"scroll","background-type":"","background-media":"","overlay-type":"","overlay-color":"","overlay-opacity":"","overlay-gradient":""},"mobile":{"background-color":"var(--ast-global-color-5)","background-image":"","background-repeat":"repeat","background-position":"center center","background-size":"auto","background-attachment":"scroll","background-type":"","background-media":"","overlay-type":"","overlay-color":"","overlay-opacity":"","overlay-gradient":""}},"footnotes":""},"class_list":["post-2718","page","type-page","status-publish","hentry"],"yoast_head":"<!-- This site is optimized with the Yoast SEO plugin v27.4 - https:\/\/yoast.com\/product\/yoast-seo-wordpress\/ -->\n<title>Retori Estate - Kodud ja \u00e4ripinnad, mis on loodud kestma<\/title>\n<meta name=\"description\" content=\"Retori Estate loob kodusid ja \u00e4ripindu, mis on loodud kestma \u2013 v\u00e4\u00e4rikalt ja ajas kasvava v\u00e4\u00e4rtusega\" \/>\n<meta name=\"robots\" content=\"index, follow, max-snippet:-1, max-image-preview:large, max-video-preview:-1\" \/>\n<link rel=\"canonical\" href=\"https:\/\/retori.ee\/en\/kampaaniatingimused\/\" \/>\n<meta property=\"og:locale\" content=\"en_US\" \/>\n<meta property=\"og:type\" content=\"article\" \/>\n<meta property=\"og:title\" content=\"Retori Estate - Kodud ja \u00e4ripinnad, mis on loodud kestma\" \/>\n<meta property=\"og:description\" content=\"Retori Estate loob kodusid ja \u00e4ripindu, mis on loodud kestma \u2013 v\u00e4\u00e4rikalt ja ajas kasvava v\u00e4\u00e4rtusega\" \/>\n<meta property=\"og:url\" content=\"https:\/\/retori.ee\/en\/kampaaniatingimused\/\" \/>\n<meta property=\"article:publisher\" content=\"https:\/\/www.facebook.com\/retoriestate\" \/>\n<meta property=\"article:modified_time\" content=\"2026-03-10T06:33:29+00:00\" \/>\n<meta property=\"og:image\" content=\"https:\/\/retori.ee\/wp-content\/uploads\/2025\/06\/220906_Retori_Erlend_Staub2-1024x683-1-2.jpg\" \/>\n\t<meta property=\"og:image:width\" content=\"1024\" \/>\n\t<meta property=\"og:image:height\" content=\"683\" \/>\n\t<meta property=\"og:image:type\" content=\"image\/jpeg\" \/>\n<meta name=\"twitter:card\" content=\"summary_large_image\" \/>\n<meta name=\"twitter:label1\" content=\"Est. reading time\" \/>\n\t<meta name=\"twitter:data1\" content=\"3 minutes\" \/>\n<script type=\"application\/ld+json\" class=\"yoast-schema-graph\">{\"@context\":\"https:\\\/\\\/schema.org\",\"@graph\":[{\"@type\":\"WebPage\",\"@id\":\"https:\\\/\\\/retori.ee\\\/kampaaniatingimused\\\/\",\"url\":\"https:\\\/\\\/retori.ee\\\/kampaaniatingimused\\\/\",\"name\":\"Retori Estate - Kodud ja \u00e4ripinnad, mis on loodud kestma\",\"isPartOf\":{\"@id\":\"https:\\\/\\\/retori.ee\\\/#website\"},\"datePublished\":\"2025-10-24T08:49:42+00:00\",\"dateModified\":\"2026-03-10T06:33:29+00:00\",\"description\":\"Retori Estate loob kodusid ja \u00e4ripindu, mis on loodud kestma \u2013 v\u00e4\u00e4rikalt ja ajas kasvava v\u00e4\u00e4rtusega\",\"breadcrumb\":{\"@id\":\"https:\\\/\\\/retori.ee\\\/kampaaniatingimused\\\/#breadcrumb\"},\"inLanguage\":\"en-US\",\"potentialAction\":[{\"@type\":\"ReadAction\",\"target\":[\"https:\\\/\\\/retori.ee\\\/kampaaniatingimused\\\/\"]}]},{\"@type\":\"BreadcrumbList\",\"@id\":\"https:\\\/\\\/retori.ee\\\/kampaaniatingimused\\\/#breadcrumb\",\"itemListElement\":[{\"@type\":\"ListItem\",\"position\":1,\"name\":\"Home\",\"item\":\"https:\\\/\\\/retori.ee\\\/\"},{\"@type\":\"ListItem\",\"position\":2,\"name\":\"Kampaaniatingimused\"}]},{\"@type\":\"WebSite\",\"@id\":\"https:\\\/\\\/retori.ee\\\/#website\",\"url\":\"https:\\\/\\\/retori.ee\\\/\",\"name\":\"Retori Estate\",\"description\":\"Pikaajalise kogemusega kinnisvaraarendaja\",\"publisher\":{\"@id\":\"https:\\\/\\\/retori.ee\\\/#organization\"},\"potentialAction\":[{\"@type\":\"SearchAction\",\"target\":{\"@type\":\"EntryPoint\",\"urlTemplate\":\"https:\\\/\\\/retori.ee\\\/?s={search_term_string}\"},\"query-input\":{\"@type\":\"PropertyValueSpecification\",\"valueRequired\":true,\"valueName\":\"search_term_string\"}}],\"inLanguage\":\"en-US\"},{\"@type\":\"Organization\",\"@id\":\"https:\\\/\\\/retori.ee\\\/#organization\",\"name\":\"Retori Estate\",\"url\":\"https:\\\/\\\/retori.ee\\\/\",\"logo\":{\"@type\":\"ImageObject\",\"inLanguage\":\"en-US\",\"@id\":\"https:\\\/\\\/retori.ee\\\/#\\\/schema\\\/logo\\\/image\\\/\",\"url\":\"https:\\\/\\\/retori.ee\\\/wp-content\\\/uploads\\\/2025\\\/06\\\/cropped-Retori-logo-ilma-taustata.png\",\"contentUrl\":\"https:\\\/\\\/retori.ee\\\/wp-content\\\/uploads\\\/2025\\\/06\\\/cropped-Retori-logo-ilma-taustata.png\",\"width\":1494,\"height\":498,\"caption\":\"Retori Estate\"},\"image\":{\"@id\":\"https:\\\/\\\/retori.ee\\\/#\\\/schema\\\/logo\\\/image\\\/\"},\"sameAs\":[\"https:\\\/\\\/www.facebook.com\\\/retoriestate\"]}]}<\/script>\n<!-- \/ Yoast SEO plugin. -->","yoast_head_json":{"title":"Retori Estate - Kodud ja \u00e4ripinnad, mis on loodud kestma","description":"Retori Estate loob kodusid ja \u00e4ripindu, mis on loodud kestma \u2013 v\u00e4\u00e4rikalt ja ajas kasvava v\u00e4\u00e4rtusega","robots":{"index":"index","follow":"follow","max-snippet":"max-snippet:-1","max-image-preview":"max-image-preview:large","max-video-preview":"max-video-preview:-1"},"canonical":"https:\/\/retori.ee\/en\/kampaaniatingimused\/","og_locale":"en_US","og_type":"article","og_title":"Retori Estate - Kodud ja \u00e4ripinnad, mis on loodud kestma","og_description":"Retori Estate loob kodusid ja \u00e4ripindu, mis on loodud kestma \u2013 v\u00e4\u00e4rikalt ja ajas kasvava v\u00e4\u00e4rtusega","og_url":"https:\/\/retori.ee\/en\/kampaaniatingimused\/","article_publisher":"https:\/\/www.facebook.com\/retoriestate","article_modified_time":"2026-03-10T06:33:29+00:00","og_image":[{"width":1024,"height":683,"url":"https:\/\/retori.ee\/wp-content\/uploads\/2025\/06\/220906_Retori_Erlend_Staub2-1024x683-1-2.jpg","type":"image\/jpeg"}],"twitter_card":"summary_large_image","twitter_misc":{"Est. reading time":"3 minutes"},"schema":{"@context":"https:\/\/schema.org","@graph":[{"@type":"WebPage","@id":"https:\/\/retori.ee\/kampaaniatingimused\/","url":"https:\/\/retori.ee\/kampaaniatingimused\/","name":"Retori Estate - Kodud ja \u00e4ripinnad, mis on loodud kestma","isPartOf":{"@id":"https:\/\/retori.ee\/#website"},"datePublished":"2025-10-24T08:49:42+00:00","dateModified":"2026-03-10T06:33:29+00:00","description":"Retori Estate loob kodusid ja \u00e4ripindu, mis on loodud kestma \u2013 v\u00e4\u00e4rikalt ja ajas kasvava v\u00e4\u00e4rtusega","breadcrumb":{"@id":"https:\/\/retori.ee\/kampaaniatingimused\/#breadcrumb"},"inLanguage":"en-US","potentialAction":[{"@type":"ReadAction","target":["https:\/\/retori.ee\/kampaaniatingimused\/"]}]},{"@type":"BreadcrumbList","@id":"https:\/\/retori.ee\/kampaaniatingimused\/#breadcrumb","itemListElement":[{"@type":"ListItem","position":1,"name":"Home","item":"https:\/\/retori.ee\/"},{"@type":"ListItem","position":2,"name":"Kampaaniatingimused"}]},{"@type":"WebSite","@id":"https:\/\/retori.ee\/#website","url":"https:\/\/retori.ee\/","name":"Retori Estate","description":"Pikaajalise kogemusega kinnisvaraarendaja","publisher":{"@id":"https:\/\/retori.ee\/#organization"},"potentialAction":[{"@type":"SearchAction","target":{"@type":"EntryPoint","urlTemplate":"https:\/\/retori.ee\/?s={search_term_string}"},"query-input":{"@type":"PropertyValueSpecification","valueRequired":true,"valueName":"search_term_string"}}],"inLanguage":"en-US"},{"@type":"Organization","@id":"https:\/\/retori.ee\/#organization","name":"Retori Estate","url":"https:\/\/retori.ee\/","logo":{"@type":"ImageObject","inLanguage":"en-US","@id":"https:\/\/retori.ee\/#\/schema\/logo\/image\/","url":"https:\/\/retori.ee\/wp-content\/uploads\/2025\/06\/cropped-Retori-logo-ilma-taustata.png","contentUrl":"https:\/\/retori.ee\/wp-content\/uploads\/2025\/06\/cropped-Retori-logo-ilma-taustata.png","width":1494,"height":498,"caption":"Retori Estate"},"image":{"@id":"https:\/\/retori.ee\/#\/schema\/logo\/image\/"},"sameAs":["https:\/\/www.facebook.com\/retoriestate"]}]}},"uagb_featured_image_src":{"full":false,"thumbnail":false,"medium":false,"medium_large":false,"large":false,"1536x1536":false,"2048x2048":false,"trp-custom-language-flag":false},"uagb_author_info":{"display_name":"Kerli","author_link":"https:\/\/retori.ee\/en\/author\/kerli\/"},"uagb_comment_info":0,"uagb_excerpt":"Retori ja Swedbanki kampaania tingimused","_links":{"self":[{"href":"https:\/\/retori.ee\/en\/wp-json\/wp\/v2\/pages\/2718","targetHints":{"allow":["GET"]}}],"collection":[{"href":"https:\/\/retori.ee\/en\/wp-json\/wp\/v2\/pages"}],"about":[{"href":"https:\/\/retori.ee\/en\/wp-json\/wp\/v2\/types\/page"}],"author":[{"embeddable":true,"href":"https:\/\/retori.ee\/en\/wp-json\/wp\/v2\/users\/1"}],"replies":[{"embeddable":true,"href":"https:\/\/retori.ee\/en\/wp-json\/wp\/v2\/comments?post=2718"}],"version-history":[{"count":5,"href":"https:\/\/retori.ee\/en\/wp-json\/wp\/v2\/pages\/2718\/revisions"}],"predecessor-version":[{"id":2836,"href":"https:\/\/retori.ee\/en\/wp-json\/wp\/v2\/pages\/2718\/revisions\/2836"}],"wp:attachment":[{"href":"https:\/\/retori.ee\/en\/wp-json\/wp\/v2\/media?parent=2718"}],"curies":[{"name":"wp","href":"https:\/\/api.w.org\/{rel}","templated":true}]}}