{"id":1866,"date":"2025-05-27T13:54:13","date_gmt":"2025-05-27T13:54:13","guid":{"rendered":"https:\/\/retori.ee\/?page_id=1866"},"modified":"2025-08-05T07:45:47","modified_gmt":"2025-08-05T07:45:47","slug":"tiim","status":"publish","type":"page","link":"https:\/\/retori.ee\/en\/tiim\/","title":{"rendered":"Team"},"content":{"rendered":"<div class=\"wp-block-uagb-container uagb-block-jjt8xnve alignfull uagb-is-root-container\"><div class=\"uagb-container-inner-blocks-wrap\">\n<div class=\"wp-block-uagb-info-box uagb-block-eybw1wb9 uagb-infobox__content-wrap  uagb-infobox-icon-above-title uagb-infobox-image-valign-top\"><div class=\"uagb-ifb-content\"><div class=\"uagb-ifb-title-wrap\"><h1 class=\"uagb-ifb-title\">Team<\/h1><\/div><\/div><\/div>\n<\/div><\/div>\n\n\n\n<div class=\"wp-block-uagb-container uagb-layout-grid uagb-block-mfc8subk alignfull uagb-is-root-container\"><div class=\"uagb-container-inner-blocks-wrap\">\n<div class=\"wp-block-uagb-container uagb-block-wmhphgxo\">\n<div class=\"wp-block-uagb-image alignleft uagb-block-kfu3hcza wp-block-uagb-image--layout-default wp-block-uagb-image--effect-static wp-block-uagb-image--align-left\"><figure class=\"wp-block-uagb-image__figure\"><img decoding=\"async\" srcset=\"https:\/\/retori.ee\/wp-content\/uploads\/2025\/06\/DSC_5847a-copy-1024x735.jpg ,https:\/\/retori.ee\/wp-content\/uploads\/2025\/06\/DSC_5847a-copy.jpg 780w, https:\/\/retori.ee\/wp-content\/uploads\/2025\/06\/DSC_5847a-copy.jpg 360w\" sizes=\"auto, (max-width: 480px) 150px\" src=\"https:\/\/retori.ee\/wp-content\/uploads\/2025\/06\/DSC_5847a-copy-1024x735.jpg\" alt=\"\" class=\"uag-image-2255\" width=\"368\" height=\"368\" title=\"Evoto\" loading=\"lazy\" role=\"img\"\/><\/figure><\/div>\n\n\n\n<div class=\"wp-block-uagb-info-box uagb-block-yjktkrzw uagb-infobox__content-wrap  uagb-infobox-icon-above-title uagb-infobox-image-valign-top\"><div class=\"uagb-ifb-content\"><div class=\"uagb-ifb-title-wrap\"><p class=\"uagb-ifb-title\">Reimo Metsk\u00fcll<\/p><\/div><p class=\"uagb-ifb-desc translation-block\">CEO, Partner \u2013 Development Prep<br> &amp; Partnerships<br><br><a href=\"mailto:reimo@retori.ee\" target=\"_self\">reimo@retori.ee<br><\/a><a href=\"tel:+372 504 5082\" target=\"_self\">+372 504 5082<\/a><\/p><\/div><\/div>\n\n\n\n<div style=\"height:10px\" aria-hidden=\"true\" class=\"wp-block-spacer\"><\/div>\n\n\n\n<div class=\"wp-block-uagb-info-box uagb-block-go6vmdyt uagb-infobox__content-wrap  uagb-infobox-icon-above-title uagb-infobox-image-valign-top\"><div class=\"uagb-ifb-content\"><div class=\"uagb-ifb-title-wrap\"><\/div><p class=\"uagb-ifb-desc\">Founder and leader of Retori Estate with over 25 years in residential and commercial real-estate development. He ensures every project follows a unified vision, with quality, timeline, and investor relations firmly managed. His focus: reliable partnerships and strategic market insight for sustainable environments.<\/p><\/div><\/div>\n<\/div>\n\n\n\n<div class=\"wp-block-uagb-container uagb-block-o5kzmrov\">\n<div class=\"wp-block-uagb-image alignleft uagb-block-eojgddm2 wp-block-uagb-image--layout-default wp-block-uagb-image--effect-static wp-block-uagb-image--align-left\"><figure class=\"wp-block-uagb-image__figure\"><img decoding=\"async\" srcset=\"https:\/\/retori.ee\/wp-content\/uploads\/2025\/06\/DSC_5000-copy-1024x683.jpg ,https:\/\/retori.ee\/wp-content\/uploads\/2025\/06\/DSC_5000-copy.jpg 780w, https:\/\/retori.ee\/wp-content\/uploads\/2025\/06\/DSC_5000-copy.jpg 360w\" sizes=\"auto, (max-width: 480px) 150px\" src=\"https:\/\/retori.ee\/wp-content\/uploads\/2025\/06\/DSC_5000-copy-1024x683.jpg\" alt=\"\" class=\"uag-image-2229\" width=\"368\" height=\"368\" title=\"Evoto\" loading=\"lazy\" role=\"img\"\/><\/figure><\/div>\n\n\n\n<div class=\"wp-block-uagb-info-box uagb-block-g6v5bht5 uagb-infobox__content-wrap  uagb-infobox-icon-above-title uagb-infobox-image-valign-top\"><div class=\"uagb-ifb-content\"><div class=\"uagb-ifb-title-wrap\"><p class=\"uagb-ifb-title\">Peeter Oja<\/p><\/div><p class=\"uagb-ifb-desc\">M\u00dc\u00dcK, ELAMUKINNISVARA<br><br><br><a href=\"mailto:peeter.oja@retori.ee\">peeter.oja@retori.ee<\/a><br><a href=\"tel:+372 502 9858\">+372 502 9858<\/a><\/p><\/div><\/div>\n\n\n\n<div style=\"height:10px\" aria-hidden=\"true\" class=\"wp-block-spacer\"><\/div>\n\n\n\n<div class=\"wp-block-uagb-info-box uagb-block-fh6uxry7 uagb-infobox__content-wrap  uagb-infobox-icon-above-title uagb-infobox-image-valign-top\"><div class=\"uagb-ifb-content\"><div class=\"uagb-ifb-title-wrap\"><\/div><p class=\"uagb-ifb-desc\">Ensures Retori homes meet market expectations and legal requirements. His background in land management and property law minimizes risks and guarantees smooth project execution. He translates buyers\u2019 needs into developments that respond to real demand.<\/p><\/div><\/div>\n<\/div>\n\n\n\n<div class=\"wp-block-uagb-container uagb-block-fd0c4e0f\">\n<div class=\"wp-block-uagb-image alignleft uagb-block-82e07a37 wp-block-uagb-image--layout-default wp-block-uagb-image--effect-static wp-block-uagb-image--align-left\"><figure class=\"wp-block-uagb-image__figure\"><img decoding=\"async\" srcset=\"https:\/\/retori.ee\/wp-content\/uploads\/2025\/06\/DSC_5342-copy1-1024x689.jpg ,https:\/\/retori.ee\/wp-content\/uploads\/2025\/06\/DSC_5342-copy1.jpg 780w, https:\/\/retori.ee\/wp-content\/uploads\/2025\/06\/DSC_5342-copy1.jpg 360w\" sizes=\"auto, (max-width: 480px) 150px\" src=\"https:\/\/retori.ee\/wp-content\/uploads\/2025\/06\/DSC_5342-copy1-1024x689.jpg\" alt=\"\" class=\"uag-image-2257\" width=\"368\" height=\"368\" title=\"Evoto\" loading=\"lazy\" role=\"img\"\/><\/figure><\/div>\n\n\n\n<div class=\"wp-block-uagb-info-box uagb-block-dd2d52a9 uagb-infobox__content-wrap  uagb-infobox-icon-above-title uagb-infobox-image-valign-top\"><div class=\"uagb-ifb-content\"><div class=\"uagb-ifb-title-wrap\"><p class=\"uagb-ifb-title\">Kristo Koger<\/p><\/div><p class=\"uagb-ifb-desc\">Sales \u2013 Residential &amp; Commercial Real Estate<br><br><br><a href=\"mailto:kristo.koger@retori.ee\">kristo.koger@retori.ee<\/a><br><a href=\"tel:+372 515 6330\">+372 515 6330<\/a><\/p><\/div><\/div>\n\n\n\n<div style=\"height:10px\" aria-hidden=\"true\" class=\"wp-block-spacer\"><\/div>\n\n\n\n<div class=\"wp-block-uagb-info-box uagb-block-060aa566 uagb-infobox__content-wrap  uagb-infobox-icon-above-title uagb-infobox-image-valign-top\"><div class=\"uagb-ifb-content\"><div class=\"uagb-ifb-title-wrap\"><\/div><p class=\"uagb-ifb-desc\">Responsible for sales and positioning of Retori\u2019s commercial properties, combining technical expertise and strategic sales thinking. With construction-materials experience, he presents solutions clearly to diverse audiences and shapes business environments that deliver long-term value.<\/p><\/div><\/div>\n<\/div>\n<\/div><\/div>\n\n\n\n<div class=\"wp-block-uagb-container uagb-layout-grid uagb-block-cb16cd7b alignfull uagb-is-root-container\"><div class=\"uagb-container-inner-blocks-wrap\">\n<div class=\"wp-block-uagb-container uagb-block-ce33ba38\">\n<div class=\"wp-block-uagb-image alignleft uagb-block-82bb8c64 wp-block-uagb-image--layout-default wp-block-uagb-image--effect-static wp-block-uagb-image--align-left\"><figure class=\"wp-block-uagb-image__figure\"><img decoding=\"async\" srcset=\"https:\/\/retori.ee\/wp-content\/uploads\/2025\/06\/DSC_5683-copy-1024x697.jpg ,https:\/\/retori.ee\/wp-content\/uploads\/2025\/06\/DSC_5683-copy.jpg 780w, https:\/\/retori.ee\/wp-content\/uploads\/2025\/06\/DSC_5683-copy.jpg 360w\" sizes=\"auto, (max-width: 480px) 150px\" src=\"https:\/\/retori.ee\/wp-content\/uploads\/2025\/06\/DSC_5683-copy-1024x697.jpg\" alt=\"\" class=\"uag-image-2233\" width=\"368\" height=\"368\" title=\"Evoto\" loading=\"lazy\" role=\"img\"\/><\/figure><\/div>\n\n\n\n<div class=\"wp-block-uagb-info-box uagb-block-cb96be36 uagb-infobox__content-wrap  uagb-infobox-icon-above-title uagb-infobox-image-valign-top\"><div class=\"uagb-ifb-content\"><div class=\"uagb-ifb-title-wrap\"><p class=\"uagb-ifb-title\">Kerli P\u00f5ld<\/p><\/div><p class=\"uagb-ifb-desc\">Marketing Director<\/p><\/div><\/div>\n\n\n\n<div style=\"height:10px\" aria-hidden=\"true\" class=\"wp-block-spacer\"><\/div>\n\n\n\n<div class=\"wp-block-uagb-info-box uagb-block-c6d3d740 uagb-infobox__content-wrap  uagb-infobox-icon-above-title uagb-infobox-image-valign-top\"><div class=\"uagb-ifb-content\"><div class=\"uagb-ifb-title-wrap\"><\/div><p class=\"uagb-ifb-desc\">Leads Retori\u2019s marketing with analytical thinking and creativity. Focused on measurable outcomes, strategic campaign management, and precise audience targeting. She keeps the brand trustworthy in daily communication and key strategic decisions.<br><br><a href=\"mailto:kerli.pold@retori.ee\">kerli.pold@retori.ee<\/a><br><a href=\"tel:+372 5860 1290\">+372 5860 1290<\/a><\/p><\/div><\/div>\n<\/div>\n\n\n\n<div class=\"wp-block-uagb-container uagb-block-c4f08d11\">\n<div class=\"wp-block-uagb-image alignleft uagb-block-d7ba3585 wp-block-uagb-image--layout-default wp-block-uagb-image--effect-static wp-block-uagb-image--align-left\"><figure class=\"wp-block-uagb-image__figure\"><img decoding=\"async\" srcset=\"https:\/\/retori.ee\/wp-content\/uploads\/2025\/06\/DSC_5245-copy-1024x674.jpg ,https:\/\/retori.ee\/wp-content\/uploads\/2025\/06\/DSC_5245-copy.jpg 780w, https:\/\/retori.ee\/wp-content\/uploads\/2025\/06\/DSC_5245-copy.jpg 360w\" sizes=\"auto, (max-width: 480px) 150px\" src=\"https:\/\/retori.ee\/wp-content\/uploads\/2025\/06\/DSC_5245-copy-1024x674.jpg\" alt=\"\" class=\"uag-image-2230\" width=\"368\" height=\"368\" title=\"Evoto\" loading=\"lazy\" role=\"img\"\/><\/figure><\/div>\n\n\n\n<div class=\"wp-block-uagb-info-box uagb-block-31ac2aad uagb-infobox__content-wrap  uagb-infobox-icon-above-title uagb-infobox-image-valign-top\"><div class=\"uagb-ifb-content\"><div class=\"uagb-ifb-title-wrap\"><p class=\"uagb-ifb-title\">Karl Multer<\/p><\/div><p class=\"uagb-ifb-desc\">Creative Director<\/p><\/div><\/div>\n\n\n\n<div style=\"height:10px\" aria-hidden=\"true\" class=\"wp-block-spacer\"><\/div>\n\n\n\n<div class=\"wp-block-uagb-info-box uagb-block-abf22605 uagb-infobox__content-wrap  uagb-infobox-icon-above-title uagb-infobox-image-valign-top\"><div class=\"uagb-ifb-content\"><div class=\"uagb-ifb-title-wrap\"><\/div><p class=\"uagb-ifb-desc\">Develops Retori\u2019s brand language by uniting message, visual identity, and development content. His strength is translating ideas into clear design, creating a cohesive brand that resonates and stands out across channels and projects.<br><\/p><\/div><\/div>\n<\/div>\n\n\n\n<div class=\"wp-block-uagb-container uagb-block-b5057906\">\n<div class=\"wp-block-uagb-image alignleft uagb-block-6b0df8da wp-block-uagb-image--layout-default wp-block-uagb-image--effect-static wp-block-uagb-image--align-left\"><figure class=\"wp-block-uagb-image__figure\"><\/figure><\/div>\n\n\n\n<div class=\"wp-block-uagb-info-box uagb-block-da2abcb4 uagb-infobox__content-wrap  uagb-infobox-icon-above-title uagb-infobox-image-valign-top\"><div class=\"uagb-ifb-content\"><div class=\"uagb-ifb-title-wrap\"><\/div><\/div><\/div>\n\n\n\n<div class=\"wp-block-uagb-info-box uagb-block-706b3fdc uagb-infobox__content-wrap  uagb-infobox-icon-above-title uagb-infobox-image-valign-top\"><div class=\"uagb-ifb-content\"><div class=\"uagb-ifb-title-wrap\"><\/div><\/div><\/div>\n<\/div>\n<\/div><\/div>\n\n\n\n<div style=\"height:50px\" aria-hidden=\"true\" class=\"wp-block-spacer\"><\/div>\n\n\n\n<div class=\"wp-block-uagb-container uagb-block-71fea0c9 alignfull uagb-is-root-container\"><div class=\"uagb-container-inner-blocks-wrap\">\n<div class=\"wp-block-uagb-info-box uagb-block-844f8cf1 uagb-infobox__content-wrap  uagb-infobox-icon-above-title uagb-infobox-image-valign-top\"><div class=\"uagb-ifb-content\"><div class=\"uagb-ifb-title-wrap\"><h2 class=\"uagb-ifb-title\">Get in Touch<\/h2><\/div><p class=\"uagb-ifb-desc translation-block\">If you\u2019re looking for a home or commercial space that\u2019s <strong>more than ordinary real estate<\/strong>, contact us. At Retori, no question goes unanswered and no detail is left to chance. Our experienced team\u2014architects, engineers, and developers\u2014sees the whole picture and handles complexities with a steady hand and clear focus. Reach out to find the perfect solution for you.<\/p><div class=\"uagb-ifb-button-wrapper wp-block-button\"><a href=\"\/en\/kontakt\/\" class=\"uagb-infobox-cta-link wp-block-button__link\" target=\"_self\" rel=\"noopener noreferrer\" onclick=\"return true;\"><span class=\"uagb-inline-editing\">Contact us<\/span><\/a><\/div><\/div><\/div>\n<\/div><\/div>\n\n\n\n<div style=\"height:37px\" aria-hidden=\"true\" class=\"wp-block-spacer\"><\/div>","protected":false},"excerpt":{"rendered":"","protected":false},"author":1,"featured_media":0,"parent":0,"menu_order":0,"comment_status":"closed","ping_status":"closed","template":"","meta":{"_uag_custom_page_level_css":"","site-sidebar-layout":"default","site-content-layout":"","ast-site-content-layout":"","site-content-style":"default","site-sidebar-style":"default","ast-global-header-display":"","ast-banner-title-visibility":"","ast-main-header-display":"","ast-hfb-above-header-display":"","ast-hfb-below-header-display":"","ast-hfb-mobile-header-display":"","site-post-title":"disabled","ast-breadcrumbs-content":"","ast-featured-img":"","footer-sml-layout":"","ast-disable-related-posts":"","theme-transparent-header-meta":"","adv-header-id-meta":"","stick-header-meta":"","header-above-stick-meta":"","header-main-stick-meta":"","header-below-stick-meta":"","astra-migrate-meta-layouts":"default","ast-page-background-enabled":"default","ast-page-background-meta":{"desktop":{"background-color":"var(--ast-global-color-4)","background-image":"","background-repeat":"repeat","background-position":"center center","background-size":"auto","background-attachment":"scroll","background-type":"","background-media":"","overlay-type":"","overlay-color":"","overlay-opacity":"","overlay-gradient":""},"tablet":{"background-color":"","background-image":"","background-repeat":"repeat","background-position":"center center","background-size":"auto","background-attachment":"scroll","background-type":"","background-media":"","overlay-type":"","overlay-color":"","overlay-opacity":"","overlay-gradient":""},"mobile":{"background-color":"","background-image":"","background-repeat":"repeat","background-position":"center center","background-size":"auto","background-attachment":"scroll","background-type":"","background-media":"","overlay-type":"","overlay-color":"","overlay-opacity":"","overlay-gradient":""}},"ast-content-background-meta":{"desktop":{"background-color":"var(--ast-global-color-5)","background-image":"","background-repeat":"repeat","background-position":"center center","background-size":"auto","background-attachment":"scroll","background-type":"","background-media":"","overlay-type":"","overlay-color":"","overlay-opacity":"","overlay-gradient":""},"tablet":{"background-color":"var(--ast-global-color-5)","background-image":"","background-repeat":"repeat","background-position":"center center","background-size":"auto","background-attachment":"scroll","background-type":"","background-media":"","overlay-type":"","overlay-color":"","overlay-opacity":"","overlay-gradient":""},"mobile":{"background-color":"var(--ast-global-color-5)","background-image":"","background-repeat":"repeat","background-position":"center center","background-size":"auto","background-attachment":"scroll","background-type":"","background-media":"","overlay-type":"","overlay-color":"","overlay-opacity":"","overlay-gradient":""}},"footnotes":""},"class_list":["post-1866","page","type-page","status-publish","hentry"],"yoast_head":"<!-- This site is optimized with the Yoast SEO plugin v27.3 - https:\/\/yoast.com\/product\/yoast-seo-wordpress\/ -->\n<title>Retori Estate - Kodud ja \u00e4ripinnad, mis on loodud kestma<\/title>\n<meta name=\"description\" content=\"Retori Estate loob kodusid ja \u00e4ripindu, mis on loodud kestma \u2013 v\u00e4\u00e4rikalt ja ajas kasvava v\u00e4\u00e4rtusega\" \/>\n<meta name=\"robots\" content=\"index, follow, max-snippet:-1, max-image-preview:large, max-video-preview:-1\" \/>\n<link rel=\"canonical\" href=\"https:\/\/retori.ee\/en\/tiim\/\" \/>\n<meta property=\"og:locale\" content=\"en_US\" \/>\n<meta property=\"og:type\" content=\"article\" \/>\n<meta property=\"og:title\" content=\"Retori Estate - Kodud ja \u00e4ripinnad, mis on loodud kestma\" \/>\n<meta property=\"og:description\" content=\"Retori Estate loob kodusid ja \u00e4ripindu, mis on loodud kestma \u2013 v\u00e4\u00e4rikalt ja ajas kasvava v\u00e4\u00e4rtusega\" \/>\n<meta property=\"og:url\" content=\"https:\/\/retori.ee\/en\/tiim\/\" \/>\n<meta property=\"article:publisher\" content=\"https:\/\/www.facebook.com\/retoriestate\" \/>\n<meta property=\"article:modified_time\" content=\"2025-08-05T07:45:47+00:00\" \/>\n<meta property=\"og:image\" content=\"https:\/\/retori.ee\/wp-content\/uploads\/2025\/06\/DSC_5847a-copy-1024x735.jpg\" \/>\n<meta name=\"twitter:card\" content=\"summary_large_image\" \/>\n<meta name=\"twitter:label1\" content=\"Est. reading time\" \/>\n\t<meta name=\"twitter:data1\" content=\"3 minutes\" \/>\n<script type=\"application\/ld+json\" class=\"yoast-schema-graph\">{\"@context\":\"https:\\\/\\\/schema.org\",\"@graph\":[{\"@type\":\"WebPage\",\"@id\":\"https:\\\/\\\/retori.ee\\\/tiim\\\/\",\"url\":\"https:\\\/\\\/retori.ee\\\/tiim\\\/\",\"name\":\"Retori Estate - Kodud ja \u00e4ripinnad, mis on loodud kestma\",\"isPartOf\":{\"@id\":\"https:\\\/\\\/retori.ee\\\/#website\"},\"primaryImageOfPage\":{\"@id\":\"https:\\\/\\\/retori.ee\\\/tiim\\\/#primaryimage\"},\"image\":{\"@id\":\"https:\\\/\\\/retori.ee\\\/tiim\\\/#primaryimage\"},\"thumbnailUrl\":\"https:\\\/\\\/retori.ee\\\/wp-content\\\/uploads\\\/2025\\\/06\\\/DSC_5847a-copy-1024x735.jpg\",\"datePublished\":\"2025-05-27T13:54:13+00:00\",\"dateModified\":\"2025-08-05T07:45:47+00:00\",\"description\":\"Retori Estate loob kodusid ja \u00e4ripindu, mis on loodud kestma \u2013 v\u00e4\u00e4rikalt ja ajas kasvava v\u00e4\u00e4rtusega\",\"breadcrumb\":{\"@id\":\"https:\\\/\\\/retori.ee\\\/tiim\\\/#breadcrumb\"},\"inLanguage\":\"en-US\",\"potentialAction\":[{\"@type\":\"ReadAction\",\"target\":[\"https:\\\/\\\/retori.ee\\\/tiim\\\/\"]}]},{\"@type\":\"ImageObject\",\"inLanguage\":\"en-US\",\"@id\":\"https:\\\/\\\/retori.ee\\\/tiim\\\/#primaryimage\",\"url\":\"https:\\\/\\\/retori.ee\\\/wp-content\\\/uploads\\\/2025\\\/06\\\/DSC_5847a-copy-1024x735.jpg\",\"contentUrl\":\"https:\\\/\\\/retori.ee\\\/wp-content\\\/uploads\\\/2025\\\/06\\\/DSC_5847a-copy-1024x735.jpg\"},{\"@type\":\"BreadcrumbList\",\"@id\":\"https:\\\/\\\/retori.ee\\\/tiim\\\/#breadcrumb\",\"itemListElement\":[{\"@type\":\"ListItem\",\"position\":1,\"name\":\"Home\",\"item\":\"https:\\\/\\\/retori.ee\\\/\"},{\"@type\":\"ListItem\",\"position\":2,\"name\":\"Tiim\"}]},{\"@type\":\"WebSite\",\"@id\":\"https:\\\/\\\/retori.ee\\\/#website\",\"url\":\"https:\\\/\\\/retori.ee\\\/\",\"name\":\"Retori Estate\",\"description\":\"Pikaajalise kogemusega kinnisvaraarendaja\",\"publisher\":{\"@id\":\"https:\\\/\\\/retori.ee\\\/#organization\"},\"potentialAction\":[{\"@type\":\"SearchAction\",\"target\":{\"@type\":\"EntryPoint\",\"urlTemplate\":\"https:\\\/\\\/retori.ee\\\/?s={search_term_string}\"},\"query-input\":{\"@type\":\"PropertyValueSpecification\",\"valueRequired\":true,\"valueName\":\"search_term_string\"}}],\"inLanguage\":\"en-US\"},{\"@type\":\"Organization\",\"@id\":\"https:\\\/\\\/retori.ee\\\/#organization\",\"name\":\"Retori Estate\",\"url\":\"https:\\\/\\\/retori.ee\\\/\",\"logo\":{\"@type\":\"ImageObject\",\"inLanguage\":\"en-US\",\"@id\":\"https:\\\/\\\/retori.ee\\\/#\\\/schema\\\/logo\\\/image\\\/\",\"url\":\"https:\\\/\\\/retori.ee\\\/wp-content\\\/uploads\\\/2025\\\/06\\\/cropped-Retori-logo-ilma-taustata.png\",\"contentUrl\":\"https:\\\/\\\/retori.ee\\\/wp-content\\\/uploads\\\/2025\\\/06\\\/cropped-Retori-logo-ilma-taustata.png\",\"width\":1494,\"height\":498,\"caption\":\"Retori Estate\"},\"image\":{\"@id\":\"https:\\\/\\\/retori.ee\\\/#\\\/schema\\\/logo\\\/image\\\/\"},\"sameAs\":[\"https:\\\/\\\/www.facebook.com\\\/retoriestate\"]}]}<\/script>\n<!-- \/ Yoast SEO plugin. -->","yoast_head_json":{"title":"Retori Estate - Kodud ja \u00e4ripinnad, mis on loodud kestma","description":"Retori Estate loob kodusid ja \u00e4ripindu, mis on loodud kestma \u2013 v\u00e4\u00e4rikalt ja ajas kasvava v\u00e4\u00e4rtusega","robots":{"index":"index","follow":"follow","max-snippet":"max-snippet:-1","max-image-preview":"max-image-preview:large","max-video-preview":"max-video-preview:-1"},"canonical":"https:\/\/retori.ee\/en\/tiim\/","og_locale":"en_US","og_type":"article","og_title":"Retori Estate - Kodud ja \u00e4ripinnad, mis on loodud kestma","og_description":"Retori Estate loob kodusid ja \u00e4ripindu, mis on loodud kestma \u2013 v\u00e4\u00e4rikalt ja ajas kasvava v\u00e4\u00e4rtusega","og_url":"https:\/\/retori.ee\/en\/tiim\/","article_publisher":"https:\/\/www.facebook.com\/retoriestate","article_modified_time":"2025-08-05T07:45:47+00:00","og_image":[{"url":"https:\/\/retori.ee\/wp-content\/uploads\/2025\/06\/DSC_5847a-copy-1024x735.jpg","type":"","width":"","height":""}],"twitter_card":"summary_large_image","twitter_misc":{"Est. reading time":"3 minutes"},"schema":{"@context":"https:\/\/schema.org","@graph":[{"@type":"WebPage","@id":"https:\/\/retori.ee\/tiim\/","url":"https:\/\/retori.ee\/tiim\/","name":"Retori Estate - Kodud ja \u00e4ripinnad, mis on loodud kestma","isPartOf":{"@id":"https:\/\/retori.ee\/#website"},"primaryImageOfPage":{"@id":"https:\/\/retori.ee\/tiim\/#primaryimage"},"image":{"@id":"https:\/\/retori.ee\/tiim\/#primaryimage"},"thumbnailUrl":"https:\/\/retori.ee\/wp-content\/uploads\/2025\/06\/DSC_5847a-copy-1024x735.jpg","datePublished":"2025-05-27T13:54:13+00:00","dateModified":"2025-08-05T07:45:47+00:00","description":"Retori Estate loob kodusid ja \u00e4ripindu, mis on loodud kestma \u2013 v\u00e4\u00e4rikalt ja ajas kasvava v\u00e4\u00e4rtusega","breadcrumb":{"@id":"https:\/\/retori.ee\/tiim\/#breadcrumb"},"inLanguage":"en-US","potentialAction":[{"@type":"ReadAction","target":["https:\/\/retori.ee\/tiim\/"]}]},{"@type":"ImageObject","inLanguage":"en-US","@id":"https:\/\/retori.ee\/tiim\/#primaryimage","url":"https:\/\/retori.ee\/wp-content\/uploads\/2025\/06\/DSC_5847a-copy-1024x735.jpg","contentUrl":"https:\/\/retori.ee\/wp-content\/uploads\/2025\/06\/DSC_5847a-copy-1024x735.jpg"},{"@type":"BreadcrumbList","@id":"https:\/\/retori.ee\/tiim\/#breadcrumb","itemListElement":[{"@type":"ListItem","position":1,"name":"Home","item":"https:\/\/retori.ee\/"},{"@type":"ListItem","position":2,"name":"Tiim"}]},{"@type":"WebSite","@id":"https:\/\/retori.ee\/#website","url":"https:\/\/retori.ee\/","name":"Retori Estate","description":"Pikaajalise kogemusega kinnisvaraarendaja","publisher":{"@id":"https:\/\/retori.ee\/#organization"},"potentialAction":[{"@type":"SearchAction","target":{"@type":"EntryPoint","urlTemplate":"https:\/\/retori.ee\/?s={search_term_string}"},"query-input":{"@type":"PropertyValueSpecification","valueRequired":true,"valueName":"search_term_string"}}],"inLanguage":"en-US"},{"@type":"Organization","@id":"https:\/\/retori.ee\/#organization","name":"Retori Estate","url":"https:\/\/retori.ee\/","logo":{"@type":"ImageObject","inLanguage":"en-US","@id":"https:\/\/retori.ee\/#\/schema\/logo\/image\/","url":"https:\/\/retori.ee\/wp-content\/uploads\/2025\/06\/cropped-Retori-logo-ilma-taustata.png","contentUrl":"https:\/\/retori.ee\/wp-content\/uploads\/2025\/06\/cropped-Retori-logo-ilma-taustata.png","width":1494,"height":498,"caption":"Retori Estate"},"image":{"@id":"https:\/\/retori.ee\/#\/schema\/logo\/image\/"},"sameAs":["https:\/\/www.facebook.com\/retoriestate"]}]}},"uagb_featured_image_src":{"full":false,"thumbnail":false,"medium":false,"medium_large":false,"large":false,"1536x1536":false,"2048x2048":false,"trp-custom-language-flag":false},"uagb_author_info":{"display_name":"Kerli","author_link":"https:\/\/retori.ee\/en\/author\/kerli\/"},"uagb_comment_info":0,"uagb_excerpt":null,"_links":{"self":[{"href":"https:\/\/retori.ee\/en\/wp-json\/wp\/v2\/pages\/1866","targetHints":{"allow":["GET"]}}],"collection":[{"href":"https:\/\/retori.ee\/en\/wp-json\/wp\/v2\/pages"}],"about":[{"href":"https:\/\/retori.ee\/en\/wp-json\/wp\/v2\/types\/page"}],"author":[{"embeddable":true,"href":"https:\/\/retori.ee\/en\/wp-json\/wp\/v2\/users\/1"}],"replies":[{"embeddable":true,"href":"https:\/\/retori.ee\/en\/wp-json\/wp\/v2\/comments?post=1866"}],"version-history":[{"count":5,"href":"https:\/\/retori.ee\/en\/wp-json\/wp\/v2\/pages\/1866\/revisions"}],"predecessor-version":[{"id":2385,"href":"https:\/\/retori.ee\/en\/wp-json\/wp\/v2\/pages\/1866\/revisions\/2385"}],"wp:attachment":[{"href":"https:\/\/retori.ee\/en\/wp-json\/wp\/v2\/media?parent=1866"}],"curies":[{"name":"wp","href":"https:\/\/api.w.org\/{rel}","templated":true}]}}