{"id":118,"date":"2025-05-21T11:23:17","date_gmt":"2025-05-21T11:23:17","guid":{"rendered":"https:\/\/retori.ee\/about\/"},"modified":"2025-06-27T05:31:22","modified_gmt":"2025-06-27T05:31:22","slug":"meist","status":"publish","type":"page","link":"https:\/\/retori.ee\/en\/meist\/","title":{"rendered":"About Us"},"content":{"rendered":"<div class=\"wp-block-uagb-container uagb-block-jjt8xnve alignfull uagb-is-root-container\"><div class=\"uagb-container-inner-blocks-wrap\">\n<div class=\"wp-block-uagb-info-box uagb-block-eybw1wb9 uagb-infobox__content-wrap  uagb-infobox-icon-above-title uagb-infobox-image-valign-top\"><div class=\"uagb-ifb-content\"><div class=\"uagb-ifb-title-wrap\"><h1 class=\"uagb-ifb-title\">About Us<\/h1><\/div><\/div><\/div>\n<\/div><\/div>\n\n\n\n<div class=\"wp-block-uagb-container uagb-block-94ded581 alignfull uagb-is-root-container\"><div class=\"uagb-container-inner-blocks-wrap\">\n<div class=\"wp-block-columns is-layout-flex wp-container-core-columns-is-layout-28f84493 wp-block-columns-is-layout-flex\">\n<div class=\"wp-block-column is-layout-flow wp-block-column-is-layout-flow\" style=\"flex-basis:100%\">\n<div class=\"wp-block-uagb-container uagb-block-21891d52\">\n<div class=\"wp-block-uagb-container uagb-block-8a4a99e4\">\n<div class=\"wp-block-uagb-image alignleft uagb-block-e71a6b83 wp-block-uagb-image--layout-default wp-block-uagb-image--effect-zoomin wp-block-uagb-image--align-left\"><figure class=\"wp-block-uagb-image__figure\"><img decoding=\"async\" srcset=\"https:\/\/retori.ee\/wp-content\/uploads\/2025\/06\/220912_Retori_Erlend_Staub1-1024x682.jpg ,https:\/\/retori.ee\/wp-content\/uploads\/2025\/06\/220912_Retori_Erlend_Staub1.jpg 780w, https:\/\/retori.ee\/wp-content\/uploads\/2025\/06\/220912_Retori_Erlend_Staub1.jpg 360w\" sizes=\"auto, (max-width: 480px) 150px\" src=\"https:\/\/retori.ee\/wp-content\/uploads\/2025\/06\/220912_Retori_Erlend_Staub1-1024x682.jpg\" alt=\"\" class=\"uag-image-2028\" width=\"570\" height=\"570\" title=\"220912_Retori_Erlend_\u0160taub1\" loading=\"lazy\" role=\"img\"\/><\/figure><\/div>\n<\/div>\n\n\n\n<div class=\"wp-block-uagb-container uagb-block-7e959f87\">\n<div data-aos= \"fade-left\" data-aos-duration=\"400\" data-aos-delay=\"0\" data-aos-easing=\"ease\" data-aos-once=\"true\" class=\"wp-block-uagb-info-box uagb-block-4960c374 uagb-infobox__content-wrap  uagb-infobox-icon-above-title uagb-infobox-image-valign-top\"><div class=\"uagb-ifb-content\"><div class=\"uagb-ifb-title-wrap\"><h3 class=\"uagb-ifb-title\">Timeless Quality Begins with Retori<\/h3><\/div><p class=\"uagb-ifb-desc\">Retori Estate creates homes and commercial spaces that aren\u2019t just well built\u2014they\u2019re developments where every detail is in place. Each of our projects is thoroughly thought out. Retori doesn\u2019t just build houses\u2014we create environments aimed at the future. What sets our developments apart is a holistic approach: contemporary architecture, functionality, and high resale value are only part of what we offer. Retori-built homes always have a \u201cface\u201d of their own\u2014personality born of quality, thoughtful solutions, and clear vision.<br><br>What makes Retori unique? Our ability to create environments that endure and retain their value even decades later. Retori\u2019s uniqueness lies in a clear vision and dedication to details. Our homes and commercial spaces aren\u2019t merely well built\u2014they\u2019re designed for long-term value creation. When Retori does something, it\u2019s done to last\u2014gracefully and enduringly. Our guarantee isn\u2019t just a contractual term\u2014it\u2019s a promise to deliver dignified, lasting real estate. The name Retori means value today and for decades to come. It\u2019s real estate for those who appreciate true quality.<br><br><strong>Retori\u2014thoughtful real estate whose value grows over time.<\/strong><\/p><\/div><\/div>\n<\/div>\n<\/div>\n<\/div>\n<\/div>\n<\/div><\/div>\n\n\n\n<div class=\"wp-block-uagb-container uagb-block-71fea0c9 alignfull uagb-is-root-container\"><div class=\"uagb-container-inner-blocks-wrap\">\n<div class=\"wp-block-uagb-info-box uagb-block-844f8cf1 uagb-infobox__content-wrap  uagb-infobox-icon-above-title uagb-infobox-image-valign-top\"><div class=\"uagb-ifb-content\"><div class=\"uagb-ifb-title-wrap\"><h2 class=\"uagb-ifb-title\">Get in Touch<\/h2><\/div><p class=\"uagb-ifb-desc translation-block\">If you\u2019re looking for a home or commercial space that\u2019s <strong>more than ordinary real estate<\/strong>, contact us. At Retori, no question goes unanswered and no detail is left to chance. Our experienced team\u2014architects, engineers, and developers\u2014sees the whole picture and handles complexities with a steady hand and clear focus. Reach out to find the perfect solution for you.<\/p><div class=\"uagb-ifb-button-wrapper wp-block-button\"><a href=\"\/en\/kontakt\/\" class=\"uagb-infobox-cta-link wp-block-button__link\" target=\"_self\" rel=\"noopener noreferrer\" onclick=\"return true;\"><span class=\"uagb-inline-editing\">Contact us<\/span><\/a><\/div><\/div><\/div>\n<\/div><\/div>\n\n\n\n<div style=\"height:37px\" aria-hidden=\"true\" class=\"wp-block-spacer\"><\/div>","protected":false},"excerpt":{"rendered":"","protected":false},"author":1,"featured_media":0,"parent":0,"menu_order":0,"comment_status":"closed","ping_status":"closed","template":"","meta":{"_uag_custom_page_level_css":"","site-sidebar-layout":"default","site-content-layout":"","ast-site-content-layout":"default","site-content-style":"default","site-sidebar-style":"default","ast-global-header-display":"","ast-banner-title-visibility":"","ast-main-header-display":"","ast-hfb-above-header-display":"","ast-hfb-below-header-display":"","ast-hfb-mobile-header-display":"","site-post-title":"disabled","ast-breadcrumbs-content":"","ast-featured-img":"","footer-sml-layout":"","ast-disable-related-posts":"","theme-transparent-header-meta":"enabled","adv-header-id-meta":"","stick-header-meta":"","header-above-stick-meta":"","header-main-stick-meta":"","header-below-stick-meta":"","astra-migrate-meta-layouts":"set","ast-page-background-enabled":"default","ast-page-background-meta":{"desktop":{"background-color":"var(--ast-global-color-4)","background-image":"","background-repeat":"repeat","background-position":"center center","background-size":"auto","background-attachment":"scroll","background-type":"","background-media":"","overlay-type":"","overlay-color":"","overlay-opacity":"","overlay-gradient":""},"tablet":{"background-color":"","background-image":"","background-repeat":"repeat","background-position":"center center","background-size":"auto","background-attachment":"scroll","background-type":"","background-media":"","overlay-type":"","overlay-color":"","overlay-opacity":"","overlay-gradient":""},"mobile":{"background-color":"","background-image":"","background-repeat":"repeat","background-position":"center center","background-size":"auto","background-attachment":"scroll","background-type":"","background-media":"","overlay-type":"","overlay-color":"","overlay-opacity":"","overlay-gradient":""}},"ast-content-background-meta":{"desktop":{"background-color":"var(--ast-global-color-5)","background-image":"","background-repeat":"repeat","background-position":"center center","background-size":"auto","background-attachment":"scroll","background-type":"","background-media":"","overlay-type":"","overlay-color":"","overlay-opacity":"","overlay-gradient":""},"tablet":{"background-color":"var(--ast-global-color-5)","background-image":"","background-repeat":"repeat","background-position":"center center","background-size":"auto","background-attachment":"scroll","background-type":"","background-media":"","overlay-type":"","overlay-color":"","overlay-opacity":"","overlay-gradient":""},"mobile":{"background-color":"var(--ast-global-color-5)","background-image":"","background-repeat":"repeat","background-position":"center center","background-size":"auto","background-attachment":"scroll","background-type":"","background-media":"","overlay-type":"","overlay-color":"","overlay-opacity":"","overlay-gradient":""}},"footnotes":""},"class_list":["post-118","page","type-page","status-publish","hentry"],"yoast_head":"<!-- This site is optimized with the Yoast SEO plugin v27.4 - https:\/\/yoast.com\/product\/yoast-seo-wordpress\/ -->\n<title>Retori Estate - Kodud ja \u00e4ripinnad, mis on loodud kestma<\/title>\n<meta name=\"description\" content=\"Retori Estate loob kodusid ja \u00e4ripindu, mis on loodud kestma \u2013 v\u00e4\u00e4rikalt ja ajas kasvava v\u00e4\u00e4rtusega\" \/>\n<meta name=\"robots\" content=\"index, follow, max-snippet:-1, max-image-preview:large, max-video-preview:-1\" \/>\n<link rel=\"canonical\" href=\"https:\/\/retori.ee\/en\/meist\/\" \/>\n<meta property=\"og:locale\" content=\"en_US\" \/>\n<meta property=\"og:type\" content=\"article\" \/>\n<meta property=\"og:title\" content=\"Retori Estate - Kodud ja \u00e4ripinnad, mis on loodud kestma\" \/>\n<meta property=\"og:description\" content=\"Retori Estate loob kodusid ja \u00e4ripindu, mis on loodud kestma \u2013 v\u00e4\u00e4rikalt ja ajas kasvava v\u00e4\u00e4rtusega\" \/>\n<meta property=\"og:url\" content=\"https:\/\/retori.ee\/en\/meist\/\" \/>\n<meta property=\"article:publisher\" content=\"https:\/\/www.facebook.com\/retoriestate\" \/>\n<meta property=\"article:modified_time\" content=\"2025-06-27T05:31:22+00:00\" \/>\n<meta property=\"og:image\" content=\"https:\/\/retori.ee\/wp-content\/uploads\/2025\/06\/220912_Retori_Erlend_Staub1-1024x682.jpg\" \/>\n<meta name=\"twitter:card\" content=\"summary_large_image\" \/>\n<meta name=\"twitter:label1\" content=\"Est. reading time\" \/>\n\t<meta name=\"twitter:data1\" content=\"2 minutes\" \/>\n<script type=\"application\/ld+json\" class=\"yoast-schema-graph\">{\"@context\":\"https:\\\/\\\/schema.org\",\"@graph\":[{\"@type\":\"WebPage\",\"@id\":\"https:\\\/\\\/retori.ee\\\/meist\\\/\",\"url\":\"https:\\\/\\\/retori.ee\\\/meist\\\/\",\"name\":\"Retori Estate - Kodud ja \u00e4ripinnad, mis on loodud kestma\",\"isPartOf\":{\"@id\":\"https:\\\/\\\/retori.ee\\\/#website\"},\"primaryImageOfPage\":{\"@id\":\"https:\\\/\\\/retori.ee\\\/meist\\\/#primaryimage\"},\"image\":{\"@id\":\"https:\\\/\\\/retori.ee\\\/meist\\\/#primaryimage\"},\"thumbnailUrl\":\"https:\\\/\\\/retori.ee\\\/wp-content\\\/uploads\\\/2025\\\/06\\\/220912_Retori_Erlend_Staub1-1024x682.jpg\",\"datePublished\":\"2025-05-21T11:23:17+00:00\",\"dateModified\":\"2025-06-27T05:31:22+00:00\",\"description\":\"Retori Estate loob kodusid ja \u00e4ripindu, mis on loodud kestma \u2013 v\u00e4\u00e4rikalt ja ajas kasvava v\u00e4\u00e4rtusega\",\"breadcrumb\":{\"@id\":\"https:\\\/\\\/retori.ee\\\/meist\\\/#breadcrumb\"},\"inLanguage\":\"en-US\",\"potentialAction\":[{\"@type\":\"ReadAction\",\"target\":[\"https:\\\/\\\/retori.ee\\\/meist\\\/\"]}]},{\"@type\":\"ImageObject\",\"inLanguage\":\"en-US\",\"@id\":\"https:\\\/\\\/retori.ee\\\/meist\\\/#primaryimage\",\"url\":\"https:\\\/\\\/retori.ee\\\/wp-content\\\/uploads\\\/2025\\\/06\\\/220912_Retori_Erlend_Staub1-1024x682.jpg\",\"contentUrl\":\"https:\\\/\\\/retori.ee\\\/wp-content\\\/uploads\\\/2025\\\/06\\\/220912_Retori_Erlend_Staub1-1024x682.jpg\"},{\"@type\":\"BreadcrumbList\",\"@id\":\"https:\\\/\\\/retori.ee\\\/meist\\\/#breadcrumb\",\"itemListElement\":[{\"@type\":\"ListItem\",\"position\":1,\"name\":\"Home\",\"item\":\"https:\\\/\\\/retori.ee\\\/\"},{\"@type\":\"ListItem\",\"position\":2,\"name\":\"Meist\"}]},{\"@type\":\"WebSite\",\"@id\":\"https:\\\/\\\/retori.ee\\\/#website\",\"url\":\"https:\\\/\\\/retori.ee\\\/\",\"name\":\"Retori Estate\",\"description\":\"Pikaajalise kogemusega kinnisvaraarendaja\",\"publisher\":{\"@id\":\"https:\\\/\\\/retori.ee\\\/#organization\"},\"potentialAction\":[{\"@type\":\"SearchAction\",\"target\":{\"@type\":\"EntryPoint\",\"urlTemplate\":\"https:\\\/\\\/retori.ee\\\/?s={search_term_string}\"},\"query-input\":{\"@type\":\"PropertyValueSpecification\",\"valueRequired\":true,\"valueName\":\"search_term_string\"}}],\"inLanguage\":\"en-US\"},{\"@type\":\"Organization\",\"@id\":\"https:\\\/\\\/retori.ee\\\/#organization\",\"name\":\"Retori Estate\",\"url\":\"https:\\\/\\\/retori.ee\\\/\",\"logo\":{\"@type\":\"ImageObject\",\"inLanguage\":\"en-US\",\"@id\":\"https:\\\/\\\/retori.ee\\\/#\\\/schema\\\/logo\\\/image\\\/\",\"url\":\"https:\\\/\\\/retori.ee\\\/wp-content\\\/uploads\\\/2025\\\/06\\\/cropped-Retori-logo-ilma-taustata.png\",\"contentUrl\":\"https:\\\/\\\/retori.ee\\\/wp-content\\\/uploads\\\/2025\\\/06\\\/cropped-Retori-logo-ilma-taustata.png\",\"width\":1494,\"height\":498,\"caption\":\"Retori Estate\"},\"image\":{\"@id\":\"https:\\\/\\\/retori.ee\\\/#\\\/schema\\\/logo\\\/image\\\/\"},\"sameAs\":[\"https:\\\/\\\/www.facebook.com\\\/retoriestate\"]}]}<\/script>\n<!-- \/ Yoast SEO plugin. -->","yoast_head_json":{"title":"Retori Estate - Kodud ja \u00e4ripinnad, mis on loodud kestma","description":"Retori Estate loob kodusid ja \u00e4ripindu, mis on loodud kestma \u2013 v\u00e4\u00e4rikalt ja ajas kasvava v\u00e4\u00e4rtusega","robots":{"index":"index","follow":"follow","max-snippet":"max-snippet:-1","max-image-preview":"max-image-preview:large","max-video-preview":"max-video-preview:-1"},"canonical":"https:\/\/retori.ee\/en\/meist\/","og_locale":"en_US","og_type":"article","og_title":"Retori Estate - Kodud ja \u00e4ripinnad, mis on loodud kestma","og_description":"Retori Estate loob kodusid ja \u00e4ripindu, mis on loodud kestma \u2013 v\u00e4\u00e4rikalt ja ajas kasvava v\u00e4\u00e4rtusega","og_url":"https:\/\/retori.ee\/en\/meist\/","article_publisher":"https:\/\/www.facebook.com\/retoriestate","article_modified_time":"2025-06-27T05:31:22+00:00","og_image":[{"url":"https:\/\/retori.ee\/wp-content\/uploads\/2025\/06\/220912_Retori_Erlend_Staub1-1024x682.jpg","type":"","width":"","height":""}],"twitter_card":"summary_large_image","twitter_misc":{"Est. reading time":"2 minutes"},"schema":{"@context":"https:\/\/schema.org","@graph":[{"@type":"WebPage","@id":"https:\/\/retori.ee\/meist\/","url":"https:\/\/retori.ee\/meist\/","name":"Retori Estate - Kodud ja \u00e4ripinnad, mis on loodud kestma","isPartOf":{"@id":"https:\/\/retori.ee\/#website"},"primaryImageOfPage":{"@id":"https:\/\/retori.ee\/meist\/#primaryimage"},"image":{"@id":"https:\/\/retori.ee\/meist\/#primaryimage"},"thumbnailUrl":"https:\/\/retori.ee\/wp-content\/uploads\/2025\/06\/220912_Retori_Erlend_Staub1-1024x682.jpg","datePublished":"2025-05-21T11:23:17+00:00","dateModified":"2025-06-27T05:31:22+00:00","description":"Retori Estate loob kodusid ja \u00e4ripindu, mis on loodud kestma \u2013 v\u00e4\u00e4rikalt ja ajas kasvava v\u00e4\u00e4rtusega","breadcrumb":{"@id":"https:\/\/retori.ee\/meist\/#breadcrumb"},"inLanguage":"en-US","potentialAction":[{"@type":"ReadAction","target":["https:\/\/retori.ee\/meist\/"]}]},{"@type":"ImageObject","inLanguage":"en-US","@id":"https:\/\/retori.ee\/meist\/#primaryimage","url":"https:\/\/retori.ee\/wp-content\/uploads\/2025\/06\/220912_Retori_Erlend_Staub1-1024x682.jpg","contentUrl":"https:\/\/retori.ee\/wp-content\/uploads\/2025\/06\/220912_Retori_Erlend_Staub1-1024x682.jpg"},{"@type":"BreadcrumbList","@id":"https:\/\/retori.ee\/meist\/#breadcrumb","itemListElement":[{"@type":"ListItem","position":1,"name":"Home","item":"https:\/\/retori.ee\/"},{"@type":"ListItem","position":2,"name":"Meist"}]},{"@type":"WebSite","@id":"https:\/\/retori.ee\/#website","url":"https:\/\/retori.ee\/","name":"Retori Estate","description":"Pikaajalise kogemusega kinnisvaraarendaja","publisher":{"@id":"https:\/\/retori.ee\/#organization"},"potentialAction":[{"@type":"SearchAction","target":{"@type":"EntryPoint","urlTemplate":"https:\/\/retori.ee\/?s={search_term_string}"},"query-input":{"@type":"PropertyValueSpecification","valueRequired":true,"valueName":"search_term_string"}}],"inLanguage":"en-US"},{"@type":"Organization","@id":"https:\/\/retori.ee\/#organization","name":"Retori Estate","url":"https:\/\/retori.ee\/","logo":{"@type":"ImageObject","inLanguage":"en-US","@id":"https:\/\/retori.ee\/#\/schema\/logo\/image\/","url":"https:\/\/retori.ee\/wp-content\/uploads\/2025\/06\/cropped-Retori-logo-ilma-taustata.png","contentUrl":"https:\/\/retori.ee\/wp-content\/uploads\/2025\/06\/cropped-Retori-logo-ilma-taustata.png","width":1494,"height":498,"caption":"Retori Estate"},"image":{"@id":"https:\/\/retori.ee\/#\/schema\/logo\/image\/"},"sameAs":["https:\/\/www.facebook.com\/retoriestate"]}]}},"uagb_featured_image_src":{"full":false,"thumbnail":false,"medium":false,"medium_large":false,"large":false,"1536x1536":false,"2048x2048":false,"trp-custom-language-flag":false},"uagb_author_info":{"display_name":"Kerli","author_link":"https:\/\/retori.ee\/en\/author\/kerli\/"},"uagb_comment_info":0,"uagb_excerpt":null,"_links":{"self":[{"href":"https:\/\/retori.ee\/en\/wp-json\/wp\/v2\/pages\/118","targetHints":{"allow":["GET"]}}],"collection":[{"href":"https:\/\/retori.ee\/en\/wp-json\/wp\/v2\/pages"}],"about":[{"href":"https:\/\/retori.ee\/en\/wp-json\/wp\/v2\/types\/page"}],"author":[{"embeddable":true,"href":"https:\/\/retori.ee\/en\/wp-json\/wp\/v2\/users\/1"}],"replies":[{"embeddable":true,"href":"https:\/\/retori.ee\/en\/wp-json\/wp\/v2\/comments?post=118"}],"version-history":[{"count":5,"href":"https:\/\/retori.ee\/en\/wp-json\/wp\/v2\/pages\/118\/revisions"}],"predecessor-version":[{"id":2299,"href":"https:\/\/retori.ee\/en\/wp-json\/wp\/v2\/pages\/118\/revisions\/2299"}],"wp:attachment":[{"href":"https:\/\/retori.ee\/en\/wp-json\/wp\/v2\/media?parent=118"}],"curies":[{"name":"wp","href":"https:\/\/api.w.org\/{rel}","templated":true}]}}